{"id":2852,"date":"2023-09-20T15:07:55","date_gmt":"2023-09-20T15:07:55","guid":{"rendered":"https:\/\/cfclinares.es\/?page_id=2852"},"modified":"2023-09-20T15:21:36","modified_gmt":"2023-09-20T15:21:36","slug":"secciones","status":"publish","type":"page","link":"https:\/\/cfclinares.es\/index.php\/secciones\/","title":{"rendered":"Secciones"},"content":{"rendered":"\t\t<div data-elementor-type=\"wp-page\" data-elementor-id=\"2852\" class=\"elementor elementor-2852\">\n\t\t\t\t\t\t<section class=\"elementor-section elementor-top-section elementor-element elementor-element-9accf53 elementor-section-boxed elementor-section-height-default elementor-section-height-default\" data-id=\"9accf53\" data-element_type=\"section\" data-settings=\"{&quot;background_background&quot;:&quot;classic&quot;}\">\n\t\t\t\t\t\t\t<div class=\"elementor-background-overlay\"><\/div>\n\t\t\t\t\t\t\t<div class=\"elementor-container elementor-column-gap-no\">\n\t\t\t\t\t<div class=\"elementor-column elementor-col-100 elementor-top-column elementor-element elementor-element-0c16078\" data-id=\"0c16078\" data-element_type=\"column\">\n\t\t\t<div class=\"elementor-widget-wrap elementor-element-populated\">\n\t\t\t\t\t\t<div class=\"elementor-element elementor-element-19fd251 elementor-widget elementor-widget-heading\" data-id=\"19fd251\" data-element_type=\"widget\" data-widget_type=\"heading.default\">\n\t\t\t\t<div class=\"elementor-widget-container\">\n\t\t\t\t\t<h5 class=\"elementor-heading-title elementor-size-default\">nuestras secciones<\/h5>\t\t\t\t<\/div>\n\t\t\t\t<\/div>\n\t\t\t\t<div class=\"elementor-element elementor-element-3fbede5 elementor-widget__width-initial elementor-widget elementor-widget-heading\" data-id=\"3fbede5\" data-element_type=\"widget\" data-widget_type=\"heading.default\">\n\t\t\t\t<div class=\"elementor-widget-container\">\n\t\t\t\t\t<h1 class=\"elementor-heading-title elementor-size-xl\">Cubrimos todas tus necesidades<\/h1>\t\t\t\t<\/div>\n\t\t\t\t<\/div>\n\t\t\t\t<div class=\"elementor-element elementor-element-12b9006 elementor-widget elementor-widget-text-editor\" data-id=\"12b9006\" data-element_type=\"widget\" data-widget_type=\"text-editor.default\">\n\t\t\t\t<div class=\"elementor-widget-container\">\n\t\t\t\t\t\t\t\t\t<p>Nuestras diferentes secciones est\u00e1n orientadas a cubrir las necesidades deportivas de todos los niveles y edades.\u00a0<\/p>\t\t\t\t\t\t\t\t<\/div>\n\t\t\t\t<\/div>\n\t\t\t\t\t<\/div>\n\t\t<\/div>\n\t\t\t\t\t<\/div>\n\t\t<\/section>\n\t\t\t\t<section class=\"elementor-section elementor-top-section elementor-element elementor-element-2070d2f elementor-section-boxed elementor-section-height-default elementor-section-height-default\" data-id=\"2070d2f\" data-element_type=\"section\">\n\t\t\t\t\t\t<div class=\"elementor-container elementor-column-gap-default\">\n\t\t\t\t\t<div class=\"elementor-column elementor-col-100 elementor-top-column elementor-element elementor-element-0c55625\" data-id=\"0c55625\" data-element_type=\"column\">\n\t\t\t<div class=\"elementor-widget-wrap elementor-element-populated\">\n\t\t\t\t\t\t<section class=\"elementor-section elementor-inner-section elementor-element elementor-element-65aaf0d elementor-section-boxed elementor-section-height-default elementor-section-height-default\" data-id=\"65aaf0d\" data-element_type=\"section\">\n\t\t\t\t\t\t<div class=\"elementor-container elementor-column-gap-no\">\n\t\t\t\t\t<div class=\"elementor-column elementor-col-33 elementor-inner-column elementor-element elementor-element-ffb476c\" data-id=\"ffb476c\" data-element_type=\"column\">\n\t\t\t<div class=\"elementor-widget-wrap elementor-element-populated\">\n\t\t\t\t\t\t<div class=\"elementor-element elementor-element-5a8f818 elementor-widget elementor-widget-heading\" data-id=\"5a8f818\" data-element_type=\"widget\" data-widget_type=\"heading.default\">\n\t\t\t\t<div class=\"elementor-widget-container\">\n\t\t\t\t\t<h6 class=\"elementor-heading-title elementor-size-default\">01.<\/h6>\t\t\t\t<\/div>\n\t\t\t\t<\/div>\n\t\t\t\t<div class=\"elementor-element elementor-element-ab521e1 elementor-widget__width-initial elementor-widget elementor-widget-image\" data-id=\"ab521e1\" data-element_type=\"widget\" data-widget_type=\"image.default\">\n\t\t\t\t<div class=\"elementor-widget-container\">\n\t\t\t\t\t\t\t\t\t\t\t\t\t\t\t\t<a href=\"https:\/\/cfclinares.es\/index.php\/campus-cfcl\/\">\n\t\t\t\t\t\t\t<img fetchpriority=\"high\" decoding=\"async\" width=\"1024\" height=\"683\" src=\"https:\/\/cfclinares.es\/wp-content\/uploads\/2023\/07\/gp2-1024x683.jpg\" class=\"attachment-large size-large wp-image-852\" alt=\"\" srcset=\"https:\/\/cfclinares.es\/wp-content\/uploads\/2023\/07\/gp2-1024x683.jpg 1024w, https:\/\/cfclinares.es\/wp-content\/uploads\/2023\/07\/gp2-300x200.jpg 300w, https:\/\/cfclinares.es\/wp-content\/uploads\/2023\/07\/gp2-768x512.jpg 768w, https:\/\/cfclinares.es\/wp-content\/uploads\/2023\/07\/gp2-1536x1024.jpg 1536w, https:\/\/cfclinares.es\/wp-content\/uploads\/2023\/07\/gp2.jpg 1920w\" sizes=\"(max-width: 1024px) 100vw, 1024px\" \/>\t\t\t\t\t\t\t\t<\/a>\n\t\t\t\t\t\t\t\t\t\t\t\t\t\t\t<\/div>\n\t\t\t\t<\/div>\n\t\t\t\t<div class=\"elementor-element elementor-element-3e17c39 elementor-widget elementor-widget-heading\" data-id=\"3e17c39\" data-element_type=\"widget\" data-widget_type=\"heading.default\">\n\t\t\t\t<div class=\"elementor-widget-container\">\n\t\t\t\t\t<h4 class=\"elementor-heading-title elementor-size-default\"><a href=\"https:\/\/cfclinares.es\/index.php\/campus-cfcl\/\">Campus de f\u00fatbol<\/a><\/h4>\t\t\t\t<\/div>\n\t\t\t\t<\/div>\n\t\t\t\t<div class=\"elementor-element elementor-element-70f07bc elementor-widget elementor-widget-text-editor\" data-id=\"70f07bc\" data-element_type=\"widget\" data-widget_type=\"text-editor.default\">\n\t\t\t\t<div class=\"elementor-widget-container\">\n\t\t\t\t\t\t\t\t\t<p>Nuestra primera iniciativa como club. <strong>Un espacio de convivencia, formaci\u00f3n en valores y mucho f\u00fatbol.<\/strong><\/p>\t\t\t\t\t\t\t\t<\/div>\n\t\t\t\t<\/div>\n\t\t\t\t\t<\/div>\n\t\t<\/div>\n\t\t\t\t<div class=\"elementor-column elementor-col-33 elementor-inner-column elementor-element elementor-element-1fc556a\" data-id=\"1fc556a\" data-element_type=\"column\">\n\t\t\t<div class=\"elementor-widget-wrap elementor-element-populated\">\n\t\t\t\t\t\t<div class=\"elementor-element elementor-element-4b61684 elementor-widget elementor-widget-heading\" data-id=\"4b61684\" data-element_type=\"widget\" data-widget_type=\"heading.default\">\n\t\t\t\t<div class=\"elementor-widget-container\">\n\t\t\t\t\t<h6 class=\"elementor-heading-title elementor-size-default\">02.<\/h6>\t\t\t\t<\/div>\n\t\t\t\t<\/div>\n\t\t\t\t<div class=\"elementor-element elementor-element-5007a80 elementor-widget__width-initial elementor-widget elementor-widget-image\" data-id=\"5007a80\" data-element_type=\"widget\" data-widget_type=\"image.default\">\n\t\t\t\t<div class=\"elementor-widget-container\">\n\t\t\t\t\t\t\t\t\t\t\t\t\t\t\t\t<a href=\"https:\/\/cfclinares.es\/index.php\/escuela\/\">\n\t\t\t\t\t\t\t<img decoding=\"async\" width=\"1024\" height=\"683\" src=\"https:\/\/cfclinares.es\/wp-content\/uploads\/2023\/07\/gp10-1024x683.jpg\" class=\"attachment-large size-large wp-image-844\" alt=\"\" srcset=\"https:\/\/cfclinares.es\/wp-content\/uploads\/2023\/07\/gp10-1024x683.jpg 1024w, https:\/\/cfclinares.es\/wp-content\/uploads\/2023\/07\/gp10-300x200.jpg 300w, https:\/\/cfclinares.es\/wp-content\/uploads\/2023\/07\/gp10-768x512.jpg 768w, https:\/\/cfclinares.es\/wp-content\/uploads\/2023\/07\/gp10-1536x1024.jpg 1536w, https:\/\/cfclinares.es\/wp-content\/uploads\/2023\/07\/gp10.jpg 1920w\" sizes=\"(max-width: 1024px) 100vw, 1024px\" \/>\t\t\t\t\t\t\t\t<\/a>\n\t\t\t\t\t\t\t\t\t\t\t\t\t\t\t<\/div>\n\t\t\t\t<\/div>\n\t\t\t\t<div class=\"elementor-element elementor-element-b6670f5 elementor-widget elementor-widget-heading\" data-id=\"b6670f5\" data-element_type=\"widget\" data-widget_type=\"heading.default\">\n\t\t\t\t<div class=\"elementor-widget-container\">\n\t\t\t\t\t<h4 class=\"elementor-heading-title elementor-size-default\"><a href=\"https:\/\/cfclinares.es\/index.php\/escuela\/\">Escuela de f\u00fatbol<\/a><\/h4>\t\t\t\t<\/div>\n\t\t\t\t<\/div>\n\t\t\t\t<div class=\"elementor-element elementor-element-ed81d81 elementor-widget elementor-widget-text-editor\" data-id=\"ed81d81\" data-element_type=\"widget\" data-widget_type=\"text-editor.default\">\n\t\t\t\t<div class=\"elementor-widget-container\">\n\t\t\t\t\t\t\t\t\t<p>El lugar <strong>id\u00f3neo para disfrutar y formar a los m\u00e1s peque\u00f1os<\/strong> jugando al f\u00fatbol<\/p>\t\t\t\t\t\t\t\t<\/div>\n\t\t\t\t<\/div>\n\t\t\t\t\t<\/div>\n\t\t<\/div>\n\t\t\t\t<div class=\"elementor-column elementor-col-33 elementor-inner-column elementor-element elementor-element-511eae1\" data-id=\"511eae1\" data-element_type=\"column\">\n\t\t\t<div class=\"elementor-widget-wrap elementor-element-populated\">\n\t\t\t\t\t\t<div class=\"elementor-element elementor-element-29baf32 elementor-widget elementor-widget-heading\" data-id=\"29baf32\" data-element_type=\"widget\" data-widget_type=\"heading.default\">\n\t\t\t\t<div class=\"elementor-widget-container\">\n\t\t\t\t\t<h6 class=\"elementor-heading-title elementor-size-default\">03.<\/h6>\t\t\t\t<\/div>\n\t\t\t\t<\/div>\n\t\t\t\t<div class=\"elementor-element elementor-element-f493291 elementor-widget__width-initial elementor-widget elementor-widget-image\" data-id=\"f493291\" data-element_type=\"widget\" data-widget_type=\"image.default\">\n\t\t\t\t<div class=\"elementor-widget-container\">\n\t\t\t\t\t\t\t\t\t\t\t\t\t\t\t\t<a href=\"https:\/\/cfclinares.es\/index.php\/tecnificacion\/\">\n\t\t\t\t\t\t\t<img decoding=\"async\" width=\"1024\" height=\"683\" src=\"https:\/\/cfclinares.es\/wp-content\/uploads\/2023\/07\/gp17-1024x683.jpg\" class=\"attachment-large size-large wp-image-837\" alt=\"\" srcset=\"https:\/\/cfclinares.es\/wp-content\/uploads\/2023\/07\/gp17-1024x683.jpg 1024w, https:\/\/cfclinares.es\/wp-content\/uploads\/2023\/07\/gp17-300x200.jpg 300w, https:\/\/cfclinares.es\/wp-content\/uploads\/2023\/07\/gp17-768x512.jpg 768w, https:\/\/cfclinares.es\/wp-content\/uploads\/2023\/07\/gp17-1536x1024.jpg 1536w, https:\/\/cfclinares.es\/wp-content\/uploads\/2023\/07\/gp17.jpg 1920w\" sizes=\"(max-width: 1024px) 100vw, 1024px\" \/>\t\t\t\t\t\t\t\t<\/a>\n\t\t\t\t\t\t\t\t\t\t\t\t\t\t\t<\/div>\n\t\t\t\t<\/div>\n\t\t\t\t<div class=\"elementor-element elementor-element-fc26244 elementor-widget elementor-widget-heading\" data-id=\"fc26244\" data-element_type=\"widget\" data-widget_type=\"heading.default\">\n\t\t\t\t<div class=\"elementor-widget-container\">\n\t\t\t\t\t<h4 class=\"elementor-heading-title elementor-size-default\"><a href=\"https:\/\/cfclinares.es\/index.php\/tecnificacion\/\">Tecnificaci\u00f3n<\/a><\/h4>\t\t\t\t<\/div>\n\t\t\t\t<\/div>\n\t\t\t\t<div class=\"elementor-element elementor-element-7fd9dae elementor-widget elementor-widget-text-editor\" data-id=\"7fd9dae\" data-element_type=\"widget\" data-widget_type=\"text-editor.default\">\n\t\t\t\t<div class=\"elementor-widget-container\">\n\t\t\t\t\t\t\t\t\t<p>Nuestro entrenamiento de tecnificaci\u00f3n para jugadores federados permite <strong>mejorar las habilidades t\u00e9cnicas, t\u00e1cticas y f\u00edsicas de jugadores de entre 7 y 16 a\u00f1os<\/strong>.<\/p>\t\t\t\t\t\t\t\t<\/div>\n\t\t\t\t<\/div>\n\t\t\t\t\t<\/div>\n\t\t<\/div>\n\t\t\t\t\t<\/div>\n\t\t<\/section>\n\t\t\t\t\t<\/div>\n\t\t<\/div>\n\t\t\t\t\t<\/div>\n\t\t<\/section>\n\t\t\t\t<section class=\"elementor-section elementor-top-section elementor-element elementor-element-92ff942 elementor-section-boxed elementor-section-height-default elementor-section-height-default\" data-id=\"92ff942\" data-element_type=\"section\">\n\t\t\t\t\t\t<div class=\"elementor-container elementor-column-gap-default\">\n\t\t\t\t\t<div class=\"elementor-column elementor-col-100 elementor-top-column elementor-element elementor-element-a21b2c9\" data-id=\"a21b2c9\" data-element_type=\"column\">\n\t\t\t<div class=\"elementor-widget-wrap elementor-element-populated\">\n\t\t\t\t\t\t<section class=\"elementor-section elementor-inner-section elementor-element elementor-element-57faca5 elementor-section-boxed elementor-section-height-default elementor-section-height-default\" data-id=\"57faca5\" data-element_type=\"section\">\n\t\t\t\t\t\t<div class=\"elementor-container elementor-column-gap-no\">\n\t\t\t\t\t<div class=\"elementor-column elementor-col-33 elementor-inner-column elementor-element elementor-element-1592a74\" data-id=\"1592a74\" data-element_type=\"column\">\n\t\t\t<div class=\"elementor-widget-wrap elementor-element-populated\">\n\t\t\t\t\t\t<div class=\"elementor-element elementor-element-8fb1919 elementor-widget elementor-widget-heading\" data-id=\"8fb1919\" data-element_type=\"widget\" data-widget_type=\"heading.default\">\n\t\t\t\t<div class=\"elementor-widget-container\">\n\t\t\t\t\t<h6 class=\"elementor-heading-title elementor-size-default\">04.<\/h6>\t\t\t\t<\/div>\n\t\t\t\t<\/div>\n\t\t\t\t<div class=\"elementor-element elementor-element-aa4b226 elementor-widget__width-initial elementor-widget elementor-widget-image\" data-id=\"aa4b226\" data-element_type=\"widget\" data-widget_type=\"image.default\">\n\t\t\t\t<div class=\"elementor-widget-container\">\n\t\t\t\t\t\t\t\t\t\t\t\t\t\t\t\t<a href=\"https:\/\/cfclinares.es\/index.php\/escuela-de-porteros\/\">\n\t\t\t\t\t\t\t<img loading=\"lazy\" decoding=\"async\" width=\"1024\" height=\"683\" src=\"https:\/\/cfclinares.es\/wp-content\/uploads\/2023\/07\/gp19-1024x683.jpg\" class=\"attachment-large size-large wp-image-835\" alt=\"\" srcset=\"https:\/\/cfclinares.es\/wp-content\/uploads\/2023\/07\/gp19-1024x683.jpg 1024w, https:\/\/cfclinares.es\/wp-content\/uploads\/2023\/07\/gp19-300x200.jpg 300w, https:\/\/cfclinares.es\/wp-content\/uploads\/2023\/07\/gp19-768x512.jpg 768w, https:\/\/cfclinares.es\/wp-content\/uploads\/2023\/07\/gp19-1536x1024.jpg 1536w, https:\/\/cfclinares.es\/wp-content\/uploads\/2023\/07\/gp19.jpg 1920w\" sizes=\"(max-width: 1024px) 100vw, 1024px\" \/>\t\t\t\t\t\t\t\t<\/a>\n\t\t\t\t\t\t\t\t\t\t\t\t\t\t\t<\/div>\n\t\t\t\t<\/div>\n\t\t\t\t<div class=\"elementor-element elementor-element-1f34ca7 elementor-widget elementor-widget-heading\" data-id=\"1f34ca7\" data-element_type=\"widget\" data-widget_type=\"heading.default\">\n\t\t\t\t<div class=\"elementor-widget-container\">\n\t\t\t\t\t<h4 class=\"elementor-heading-title elementor-size-default\"><a href=\"https:\/\/cfclinares.es\/index.php\/escuela-de-porteros\/\">Escuela de porteros<\/a><\/h4>\t\t\t\t<\/div>\n\t\t\t\t<\/div>\n\t\t\t\t<div class=\"elementor-element elementor-element-877df26 elementor-widget elementor-widget-text-editor\" data-id=\"877df26\" data-element_type=\"widget\" data-widget_type=\"text-editor.default\">\n\t\t\t\t<div class=\"elementor-widget-container\">\n\t\t\t\t\t\t\t\t\t<p>Nuestra escuela de porteros es un <strong>espacio de aprendizaje, crecimiento y superaci\u00f3n<\/strong>, donde los j\u00f3venes arqueros encuentran un ambiente propicio para <strong>potenciar su talento y alcanzar su m\u00e1ximo nivel bajo los palos<\/strong>.<\/p>\t\t\t\t\t\t\t\t<\/div>\n\t\t\t\t<\/div>\n\t\t\t\t\t<\/div>\n\t\t<\/div>\n\t\t\t\t<div class=\"elementor-column elementor-col-33 elementor-inner-column elementor-element elementor-element-e3e324f\" data-id=\"e3e324f\" data-element_type=\"column\">\n\t\t\t<div class=\"elementor-widget-wrap elementor-element-populated\">\n\t\t\t\t\t\t<div class=\"elementor-element elementor-element-d7af296 elementor-widget elementor-widget-heading\" data-id=\"d7af296\" data-element_type=\"widget\" data-widget_type=\"heading.default\">\n\t\t\t\t<div class=\"elementor-widget-container\">\n\t\t\t\t\t<h6 class=\"elementor-heading-title elementor-size-default\">05.<\/h6>\t\t\t\t<\/div>\n\t\t\t\t<\/div>\n\t\t\t\t<div class=\"elementor-element elementor-element-892fcf7 elementor-widget__width-initial elementor-widget elementor-widget-image\" data-id=\"892fcf7\" data-element_type=\"widget\" data-widget_type=\"image.default\">\n\t\t\t\t<div class=\"elementor-widget-container\">\n\t\t\t\t\t\t\t\t\t\t\t\t\t\t\t\t<a href=\"https:\/\/cfclinares.es\/index.php\/torneo-alevin-2\/\">\n\t\t\t\t\t\t\t<img loading=\"lazy\" decoding=\"async\" width=\"1024\" height=\"683\" src=\"https:\/\/cfclinares.es\/wp-content\/uploads\/2023\/07\/gp6-1024x683.jpg\" class=\"attachment-large size-large wp-image-848\" alt=\"\" srcset=\"https:\/\/cfclinares.es\/wp-content\/uploads\/2023\/07\/gp6-1024x683.jpg 1024w, https:\/\/cfclinares.es\/wp-content\/uploads\/2023\/07\/gp6-300x200.jpg 300w, https:\/\/cfclinares.es\/wp-content\/uploads\/2023\/07\/gp6-768x512.jpg 768w, https:\/\/cfclinares.es\/wp-content\/uploads\/2023\/07\/gp6-1536x1024.jpg 1536w, https:\/\/cfclinares.es\/wp-content\/uploads\/2023\/07\/gp6.jpg 1920w\" sizes=\"(max-width: 1024px) 100vw, 1024px\" \/>\t\t\t\t\t\t\t\t<\/a>\n\t\t\t\t\t\t\t\t\t\t\t\t\t\t\t<\/div>\n\t\t\t\t<\/div>\n\t\t\t\t<div class=\"elementor-element elementor-element-b51ef8f elementor-widget elementor-widget-heading\" data-id=\"b51ef8f\" data-element_type=\"widget\" data-widget_type=\"heading.default\">\n\t\t\t\t<div class=\"elementor-widget-container\">\n\t\t\t\t\t<h4 class=\"elementor-heading-title elementor-size-default\"><a href=\"https:\/\/cfclinares.es\/index.php\/torneo-alevin-2\/\">Torneos<\/a><\/h4>\t\t\t\t<\/div>\n\t\t\t\t<\/div>\n\t\t\t\t<div class=\"elementor-element elementor-element-c47fc7f elementor-widget elementor-widget-text-editor\" data-id=\"c47fc7f\" data-element_type=\"widget\" data-widget_type=\"text-editor.default\">\n\t\t\t\t<div class=\"elementor-widget-container\">\n\t\t\t\t\t\t\t\t\t<p><b>Organizamos eventos deportivos de relevancia nacional e internacional<\/b>. El Torneo Internacional Alev\u00edn de f\u00fatbol 7 \u00abCiudad de Linares\u00bb es un buen ejemplo de ello.<\/p>\t\t\t\t\t\t\t\t<\/div>\n\t\t\t\t<\/div>\n\t\t\t\t\t<\/div>\n\t\t<\/div>\n\t\t\t\t<div class=\"elementor-column elementor-col-33 elementor-inner-column elementor-element elementor-element-c6e5076\" data-id=\"c6e5076\" data-element_type=\"column\">\n\t\t\t<div class=\"elementor-widget-wrap elementor-element-populated\">\n\t\t\t\t\t\t<div class=\"elementor-element elementor-element-2d1d345 elementor-widget elementor-widget-heading\" data-id=\"2d1d345\" data-element_type=\"widget\" data-widget_type=\"heading.default\">\n\t\t\t\t<div class=\"elementor-widget-container\">\n\t\t\t\t\t<h6 class=\"elementor-heading-title elementor-size-default\">06.<\/h6>\t\t\t\t<\/div>\n\t\t\t\t<\/div>\n\t\t\t\t<div class=\"elementor-element elementor-element-88c324c elementor-widget__width-initial elementor-widget elementor-widget-image\" data-id=\"88c324c\" data-element_type=\"widget\" data-widget_type=\"image.default\">\n\t\t\t\t<div class=\"elementor-widget-container\">\n\t\t\t\t\t\t\t\t\t\t\t\t\t\t\t\t<a href=\"https:\/\/cfclinares.es\/index.php\/clinic\/\">\n\t\t\t\t\t\t\t<img loading=\"lazy\" decoding=\"async\" width=\"1024\" height=\"683\" src=\"https:\/\/cfclinares.es\/wp-content\/uploads\/2023\/08\/DSC_6037-1024x683.jpg\" class=\"attachment-large size-large wp-image-2704\" alt=\"\" srcset=\"https:\/\/cfclinares.es\/wp-content\/uploads\/2023\/08\/DSC_6037-1024x683.jpg 1024w, https:\/\/cfclinares.es\/wp-content\/uploads\/2023\/08\/DSC_6037-300x200.jpg 300w, https:\/\/cfclinares.es\/wp-content\/uploads\/2023\/08\/DSC_6037-768x512.jpg 768w, https:\/\/cfclinares.es\/wp-content\/uploads\/2023\/08\/DSC_6037-1536x1024.jpg 1536w, https:\/\/cfclinares.es\/wp-content\/uploads\/2023\/08\/DSC_6037-2048x1365.jpg 2048w\" sizes=\"(max-width: 1024px) 100vw, 1024px\" \/>\t\t\t\t\t\t\t\t<\/a>\n\t\t\t\t\t\t\t\t\t\t\t\t\t\t\t<\/div>\n\t\t\t\t<\/div>\n\t\t\t\t<div class=\"elementor-element elementor-element-9398a46 elementor-widget elementor-widget-heading\" data-id=\"9398a46\" data-element_type=\"widget\" data-widget_type=\"heading.default\">\n\t\t\t\t<div class=\"elementor-widget-container\">\n\t\t\t\t\t<h4 class=\"elementor-heading-title elementor-size-default\"><a href=\"https:\/\/cfclinares.es\/index.php\/clinic\/\">Cl\u00ednic deportivo<\/a><\/h4>\t\t\t\t<\/div>\n\t\t\t\t<\/div>\n\t\t\t\t<div class=\"elementor-element elementor-element-abf0956 elementor-widget elementor-widget-text-editor\" data-id=\"abf0956\" data-element_type=\"widget\" data-widget_type=\"text-editor.default\">\n\t\t\t\t<div class=\"elementor-widget-container\">\n\t\t\t\t\t\t\t\t\t<p>Nuestro club organiza anualmente un cl\u00ednic o encuentro deportivo. Estas actividades se caracterizan por la <strong>participaci\u00f3n de clubes colaboradores o la visita a espacios deportivos de relevancia nacional<\/strong>.<\/p>\t\t\t\t\t\t\t\t<\/div>\n\t\t\t\t<\/div>\n\t\t\t\t\t<\/div>\n\t\t<\/div>\n\t\t\t\t\t<\/div>\n\t\t<\/section>\n\t\t\t\t\t<\/div>\n\t\t<\/div>\n\t\t\t\t\t<\/div>\n\t\t<\/section>\n\t\t\t\t<\/div>\n\t\t","protected":false},"excerpt":{"rendered":"<p>nuestras secciones Cubrimos todas tus necesidades Nuestras diferentes secciones est\u00e1n orientadas a cubrir las necesidades deportivas de todos los niveles y edades.\u00a0 01. Campus de f\u00fatbol Nuestra primera iniciativa como club. Un espacio de convivencia, formaci\u00f3n en valores y mucho f\u00fatbol. 02. Escuela de f\u00fatbol El lugar id\u00f3neo para disfrutar y formar a los m\u00e1s &hellip;<\/p>\n<p class=\"read-more\"> <a class=\"\" href=\"https:\/\/cfclinares.es\/index.php\/secciones\/\"> <span class=\"screen-reader-text\">Secciones<\/span> Leer m\u00e1s &raquo;<\/a><\/p>\n","protected":false},"author":1,"featured_media":0,"parent":0,"menu_order":0,"comment_status":"closed","ping_status":"closed","template":"","meta":{"site-sidebar-layout":"no-sidebar","site-content-layout":"page-builder","ast-site-content-layout":"","site-content-style":"default","site-sidebar-style":"default","ast-global-header-display":"","ast-banner-title-visibility":"","ast-main-header-display":"","ast-hfb-above-header-display":"","ast-hfb-below-header-display":"","ast-hfb-mobile-header-display":"","site-post-title":"disabled","ast-breadcrumbs-content":"","ast-featured-img":"disabled","footer-sml-layout":"","theme-transparent-header-meta":"","adv-header-id-meta":"","stick-header-meta":"","header-above-stick-meta":"","header-main-stick-meta":"","header-below-stick-meta":"","astra-migrate-meta-layouts":"default","ast-page-background-enabled":"default","ast-page-background-meta":{"desktop":{"background-color":"","background-image":"","background-repeat":"repeat","background-position":"center center","background-size":"auto","background-attachment":"scroll","background-type":"","background-media":"","overlay-type":"","overlay-color":"","overlay-gradient":""},"tablet":{"background-color":"","background-image":"","background-repeat":"repeat","background-position":"center center","background-size":"auto","background-attachment":"scroll","background-type":"","background-media":"","overlay-type":"","overlay-color":"","overlay-gradient":""},"mobile":{"background-color":"","background-image":"","background-repeat":"repeat","background-position":"center center","background-size":"auto","background-attachment":"scroll","background-type":"","background-media":"","overlay-type":"","overlay-color":"","overlay-gradient":""}},"ast-content-background-meta":{"desktop":{"background-color":"var(--ast-global-color-5)","background-image":"","background-repeat":"repeat","background-position":"center center","background-size":"auto","background-attachment":"scroll","background-type":"","background-media":"","overlay-type":"","overlay-color":"","overlay-gradient":""},"tablet":{"background-color":"var(--ast-global-color-5)","background-image":"","background-repeat":"repeat","background-position":"center center","background-size":"auto","background-attachment":"scroll","background-type":"","background-media":"","overlay-type":"","overlay-color":"","overlay-gradient":""},"mobile":{"background-color":"var(--ast-global-color-5)","background-image":"","background-repeat":"repeat","background-position":"center center","background-size":"auto","background-attachment":"scroll","background-type":"","background-media":"","overlay-type":"","overlay-color":"","overlay-gradient":""}},"footnotes":""},"class_list":["post-2852","page","type-page","status-publish","hentry"],"_links":{"self":[{"href":"https:\/\/cfclinares.es\/index.php\/wp-json\/wp\/v2\/pages\/2852","targetHints":{"allow":["GET"]}}],"collection":[{"href":"https:\/\/cfclinares.es\/index.php\/wp-json\/wp\/v2\/pages"}],"about":[{"href":"https:\/\/cfclinares.es\/index.php\/wp-json\/wp\/v2\/types\/page"}],"author":[{"embeddable":true,"href":"https:\/\/cfclinares.es\/index.php\/wp-json\/wp\/v2\/users\/1"}],"replies":[{"embeddable":true,"href":"https:\/\/cfclinares.es\/index.php\/wp-json\/wp\/v2\/comments?post=2852"}],"version-history":[{"count":7,"href":"https:\/\/cfclinares.es\/index.php\/wp-json\/wp\/v2\/pages\/2852\/revisions"}],"predecessor-version":[{"id":2860,"href":"https:\/\/cfclinares.es\/index.php\/wp-json\/wp\/v2\/pages\/2852\/revisions\/2860"}],"wp:attachment":[{"href":"https:\/\/cfclinares.es\/index.php\/wp-json\/wp\/v2\/media?parent=2852"}],"curies":[{"name":"wp","href":"https:\/\/api.w.org\/{rel}","templated":true}]}}