{"id":2824,"date":"2023-08-30T08:34:53","date_gmt":"2023-08-30T08:34:53","guid":{"rendered":"https:\/\/cfclinares.es\/?page_id=2824"},"modified":"2025-01-02T10:55:24","modified_gmt":"2025-01-02T10:55:24","slug":"torneo-alevin-2","status":"publish","type":"page","link":"https:\/\/cfclinares.es\/index.php\/torneo-alevin-2\/","title":{"rendered":"Torneos"},"content":{"rendered":"\t\t<div data-elementor-type=\"wp-page\" data-elementor-id=\"2824\" class=\"elementor elementor-2824\">\n\t\t\t\t\t\t<section class=\"elementor-section elementor-top-section elementor-element elementor-element-hrfphhy elementor-section-content-middle elementor-section-boxed elementor-section-height-default elementor-section-height-default\" data-id=\"hrfphhy\" data-element_type=\"section\" data-settings=\"{&quot;background_background&quot;:&quot;video&quot;,&quot;background_video_link&quot;:&quot;https:\\\/\\\/youtu.be\\\/S3TmilqmS84&quot;,&quot;background_video_start&quot;:20,&quot;background_video_end&quot;:162,&quot;background_play_on_mobile&quot;:&quot;yes&quot;}\">\n\t\t\t\t\t\t\t\t<div class=\"elementor-background-video-container\">\n\t\t\t\t\t\t\t\t\t\t\t\t\t<div class=\"elementor-background-video-embed\"><\/div>\n\t\t\t\t\t\t\t\t\t\t\t\t<\/div>\n\t\t\t\t\t\t\t\t\t<div class=\"elementor-background-overlay\"><\/div>\n\t\t\t\t\t\t\t<div class=\"elementor-container elementor-column-gap-no\">\n\t\t\t\t\t<div class=\"elementor-column elementor-col-100 elementor-top-column elementor-element elementor-element-fc33e9d\" data-id=\"fc33e9d\" data-element_type=\"column\">\n\t\t\t<div class=\"elementor-widget-wrap elementor-element-populated\">\n\t\t\t\t\t\t<div class=\"elementor-element elementor-element-e39a65f elementor-widget elementor-widget-heading\" data-id=\"e39a65f\" data-element_type=\"widget\" data-widget_type=\"heading.default\">\n\t\t\t\t<div class=\"elementor-widget-container\">\n\t\t\t\t\t<h5 class=\"elementor-heading-title elementor-size-default\">torneos<\/h5>\t\t\t\t<\/div>\n\t\t\t\t<\/div>\n\t\t\t\t<div class=\"elementor-element elementor-element-66c4eb3 elementor-widget elementor-widget-heading\" data-id=\"66c4eb3\" data-element_type=\"widget\" data-widget_type=\"heading.default\">\n\t\t\t\t<div class=\"elementor-widget-container\">\n\t\t\t\t\t<h1 class=\"elementor-heading-title elementor-size-default\">\u00c9xito en la organizaci\u00f3n de eventos deportivos<\/h1>\t\t\t\t<\/div>\n\t\t\t\t<\/div>\n\t\t\t\t<div class=\"elementor-element elementor-element-5812487 elementor-widget-divider--view-line elementor-widget elementor-widget-divider\" data-id=\"5812487\" data-element_type=\"widget\" data-widget_type=\"divider.default\">\n\t\t\t\t<div class=\"elementor-widget-container\">\n\t\t\t\t\t\t\t<div class=\"elementor-divider\">\n\t\t\t<span class=\"elementor-divider-separator\">\n\t\t\t\t\t\t<\/span>\n\t\t<\/div>\n\t\t\t\t\t\t<\/div>\n\t\t\t\t<\/div>\n\t\t\t\t<div class=\"elementor-element elementor-element-615e54b elementor-widget elementor-widget-text-editor\" data-id=\"615e54b\" data-element_type=\"widget\" data-widget_type=\"text-editor.default\">\n\t\t\t\t<div class=\"elementor-widget-container\">\n\t\t\t\t\t\t\t\t\t<p>El Club de F\u00fatbol \u00abCiudad de Linares\u00bb acumula un <b>importante bagaje en el dise\u00f1o, organizaci\u00f3n y gesti\u00f3n de eventos deportivos de relevancia nacional e internacional relacionados con el f\u00fatbol base<\/b>. Desde encuentros m\u00e1ximamente competivivos en los que participan importantes canteras espa\u00f1olas e internacionales hasta eventos locales o interprovinciales en los que la diversi\u00f3n, el aprendizaje y la convivencia son las claves de su \u00e9xito.<\/p>\t\t\t\t\t\t\t\t<\/div>\n\t\t\t\t<\/div>\n\t\t\t\t\t<\/div>\n\t\t<\/div>\n\t\t\t\t\t<\/div>\n\t\t<\/section>\n\t\t\t\t<section class=\"elementor-section elementor-top-section elementor-element elementor-element-lhzazsw elementor-section-content-middle elementor-section-boxed elementor-section-height-default elementor-section-height-default\" data-id=\"lhzazsw\" data-element_type=\"section\" data-settings=\"{&quot;background_background&quot;:&quot;classic&quot;}\">\n\t\t\t\t\t\t\t<div class=\"elementor-background-overlay\"><\/div>\n\t\t\t\t\t\t\t<div class=\"elementor-container elementor-column-gap-no\">\n\t\t\t\t\t<div class=\"elementor-column elementor-col-50 elementor-top-column elementor-element elementor-element-05c2928\" data-id=\"05c2928\" data-element_type=\"column\" data-settings=\"{&quot;background_background&quot;:&quot;classic&quot;}\">\n\t\t\t<div class=\"elementor-widget-wrap elementor-element-populated\">\n\t\t\t\t\t\t<div class=\"elementor-element elementor-element-e5d1844 elementor-widget elementor-widget-heading\" data-id=\"e5d1844\" data-element_type=\"widget\" data-widget_type=\"heading.default\">\n\t\t\t\t<div class=\"elementor-widget-container\">\n\t\t\t\t\t<h5 class=\"elementor-heading-title elementor-size-default\">TORNEO INTERNACIONAL<\/h5>\t\t\t\t<\/div>\n\t\t\t\t<\/div>\n\t\t\t\t<div class=\"elementor-element elementor-element-85cbfc5 elementor-widget elementor-widget-image\" data-id=\"85cbfc5\" data-element_type=\"widget\" data-widget_type=\"image.default\">\n\t\t\t\t<div class=\"elementor-widget-container\">\n\t\t\t\t\t\t\t\t\t\t\t\t\t\t\t<img fetchpriority=\"high\" decoding=\"async\" width=\"1810\" height=\"2560\" src=\"https:\/\/cfclinares.es\/wp-content\/uploads\/2025\/01\/CARTEL-TORNEO-INTERNACIONAL-CIUDAD-DE-LINARES_def-min-scaled.jpg\" class=\"attachment-full size-full wp-image-4254\" alt=\"\" srcset=\"https:\/\/cfclinares.es\/wp-content\/uploads\/2025\/01\/CARTEL-TORNEO-INTERNACIONAL-CIUDAD-DE-LINARES_def-min-scaled.jpg 1810w, https:\/\/cfclinares.es\/wp-content\/uploads\/2025\/01\/CARTEL-TORNEO-INTERNACIONAL-CIUDAD-DE-LINARES_def-min-212x300.jpg 212w, https:\/\/cfclinares.es\/wp-content\/uploads\/2025\/01\/CARTEL-TORNEO-INTERNACIONAL-CIUDAD-DE-LINARES_def-min-724x1024.jpg 724w, https:\/\/cfclinares.es\/wp-content\/uploads\/2025\/01\/CARTEL-TORNEO-INTERNACIONAL-CIUDAD-DE-LINARES_def-min-768x1086.jpg 768w, https:\/\/cfclinares.es\/wp-content\/uploads\/2025\/01\/CARTEL-TORNEO-INTERNACIONAL-CIUDAD-DE-LINARES_def-min-1086x1536.jpg 1086w, https:\/\/cfclinares.es\/wp-content\/uploads\/2025\/01\/CARTEL-TORNEO-INTERNACIONAL-CIUDAD-DE-LINARES_def-min-1448x2048.jpg 1448w\" sizes=\"(max-width: 1810px) 100vw, 1810px\" \/>\t\t\t\t\t\t\t\t\t\t\t\t\t\t\t<\/div>\n\t\t\t\t<\/div>\n\t\t\t\t<div class=\"elementor-element elementor-element-5d1179b elementor-widget elementor-widget-heading\" data-id=\"5d1179b\" data-element_type=\"widget\" data-widget_type=\"heading.default\">\n\t\t\t\t<div class=\"elementor-widget-container\">\n\t\t\t\t\t<h3 class=\"elementor-heading-title elementor-size-default\"><span style=\"color: var(--ast-global-color-2);font-size: 2.13333rem\">Expectativas cumplidas, proyecto consolidado.<\/span><\/h3>\t\t\t\t<\/div>\n\t\t\t\t<\/div>\n\t\t\t\t<div class=\"elementor-element elementor-element-88781ca elementor-widget elementor-widget-text-editor\" data-id=\"88781ca\" data-element_type=\"widget\" data-widget_type=\"text-editor.default\">\n\t\t\t\t<div class=\"elementor-widget-container\">\n\t\t\t\t\t\t\t\t\t<p>Se cumplen ya tres ediciones del Torneo Internacional Alev\u00edn \u00abCiudad de Linares\u00bb. Era dif\u00edcil cumplir con las expectativas generadas en las primeras ediciones y, con este objetivo, nacier\u00f3 la&nbsp;<i><u>tercera edici\u00f3n de Torneo Internacional \u00abCiudad de Linares\u00bb celebrada los d\u00edas 13, 14 y 15 de diciembre de 2024<\/u><\/i>.&nbsp;<span style=\"font-weight: bold;\">A partir de un cartel de lujo y gracias a una organizaci\u00f3n cuidada al detalle<\/span>&nbsp;se volvi\u00f3 a conseguir la&nbsp;<span style=\"font-weight: bold;\">celebraci\u00f3n de un torneo de f\u00fatbol base de gran altura, de Linares y para Linares.<\/span><\/p>\n<p><span style=\"font-weight: bold;\">Est\u00e1 en nuestro \u00e1nimo continuar apostando por esta iniciativa deportiva <\/span>en los pr\u00f3ximos a\u00f1os, con lo que, desde el cierre de la tercera edici\u00f3n, <span style=\"font-weight: bold;\">estamos trabajando para conseguir superar el \u00e9xito conseguido en estos a\u00f1os.<\/span><\/p>\t\t\t\t\t\t\t\t<\/div>\n\t\t\t\t<\/div>\n\t\t\t\t<div class=\"elementor-element elementor-element-5b404d1 elementor-widget elementor-widget-button\" data-id=\"5b404d1\" data-element_type=\"widget\" data-widget_type=\"button.default\">\n\t\t\t\t<div class=\"elementor-widget-container\">\n\t\t\t\t\t\t\t\t\t<div class=\"elementor-button-wrapper\">\n\t\t\t\t\t<a class=\"elementor-button elementor-button-link elementor-size-sm\" href=\"https:\/\/cfclinares.es\/index.php\/torneo-alevin\/\">\n\t\t\t\t\t\t<span class=\"elementor-button-content-wrapper\">\n\t\t\t\t\t\t<span class=\"elementor-button-icon\">\n\t\t\t\t<i aria-hidden=\"true\" class=\"far fa-futbol\"><\/i>\t\t\t<\/span>\n\t\t\t\t\t\t\t\t\t<span class=\"elementor-button-text\">+ info<\/span>\n\t\t\t\t\t<\/span>\n\t\t\t\t\t<\/a>\n\t\t\t\t<\/div>\n\t\t\t\t\t\t\t\t<\/div>\n\t\t\t\t<\/div>\n\t\t\t\t\t<\/div>\n\t\t<\/div>\n\t\t\t\t<div class=\"elementor-column elementor-col-50 elementor-top-column elementor-element elementor-element-31c4cbc\" data-id=\"31c4cbc\" data-element_type=\"column\">\n\t\t\t<div class=\"elementor-widget-wrap elementor-element-populated\">\n\t\t\t\t\t\t<div class=\"elementor-element elementor-element-e7bfd30 elementor-widget elementor-widget-heading\" data-id=\"e7bfd30\" data-element_type=\"widget\" data-widget_type=\"heading.default\">\n\t\t\t\t<div class=\"elementor-widget-container\">\n\t\t\t\t\t<h5 class=\"elementor-heading-title elementor-size-default\">CFCL LEAGUE FIVE<\/h5>\t\t\t\t<\/div>\n\t\t\t\t<\/div>\n\t\t\t\t<div class=\"elementor-element elementor-element-5ca7fe6 elementor-widget elementor-widget-image\" data-id=\"5ca7fe6\" data-element_type=\"widget\" data-widget_type=\"image.default\">\n\t\t\t\t<div class=\"elementor-widget-container\">\n\t\t\t\t\t\t\t\t\t\t\t\t\t\t\t<img decoding=\"async\" width=\"1810\" height=\"2560\" src=\"https:\/\/cfclinares.es\/wp-content\/uploads\/2023\/08\/CARTEL_def-min-scaled.jpg\" class=\"attachment-full size-full wp-image-2825\" alt=\"\" srcset=\"https:\/\/cfclinares.es\/wp-content\/uploads\/2023\/08\/CARTEL_def-min-scaled.jpg 1810w, https:\/\/cfclinares.es\/wp-content\/uploads\/2023\/08\/CARTEL_def-min-212x300.jpg 212w, https:\/\/cfclinares.es\/wp-content\/uploads\/2023\/08\/CARTEL_def-min-724x1024.jpg 724w, https:\/\/cfclinares.es\/wp-content\/uploads\/2023\/08\/CARTEL_def-min-768x1086.jpg 768w, https:\/\/cfclinares.es\/wp-content\/uploads\/2023\/08\/CARTEL_def-min-1086x1536.jpg 1086w, https:\/\/cfclinares.es\/wp-content\/uploads\/2023\/08\/CARTEL_def-min-1448x2048.jpg 1448w\" sizes=\"(max-width: 1810px) 100vw, 1810px\" \/>\t\t\t\t\t\t\t\t\t\t\t\t\t\t\t<\/div>\n\t\t\t\t<\/div>\n\t\t\t\t<div class=\"elementor-element elementor-element-ea3f810 elementor-widget elementor-widget-heading\" data-id=\"ea3f810\" data-element_type=\"widget\" data-widget_type=\"heading.default\">\n\t\t\t\t<div class=\"elementor-widget-container\">\n\t\t\t\t\t<h3 class=\"elementor-heading-title elementor-size-default\">Convivencia, diversi\u00f3n en un nueva formato.<\/h3>\t\t\t\t<\/div>\n\t\t\t\t<\/div>\n\t\t\t\t<div class=\"elementor-element elementor-element-dd399ed elementor-widget elementor-widget-text-editor\" data-id=\"dd399ed\" data-element_type=\"widget\" data-widget_type=\"text-editor.default\">\n\t\t\t\t<div class=\"elementor-widget-container\">\n\t\t\t\t\t\t\t\t\t<p>Con motivo de la celebraci\u00f3n de la <b>\u00abReal Feria y Fiestas de San Agust\u00edn\u00bb de Linares 2023<\/b> se desarrollaron, desde las semanas previas, un amplio abanico de actividades deportivas. Entre ellas, el <b>Primer torneo\u00a0CFCL LEAGUE FIVE<\/b> result\u00f3 una actividad deportiva novedosa y que, en solo una edici\u00f3n, cautiv\u00f3 a las canteras de los clubes de la provincia. En \u00e9l\u00a0<b>participaron seis equipos de la provincia de Ja\u00e9n y Granada<\/b> (generaci\u00f3n del 2015). El torneo, que se disput\u00f3 en el\u00a0<b>Parque Deportivo \u00abLa Garza\u00bb\u00a0sobre una superficie de\u00a0f\u00fatbol-5 de c\u00e9sped artificial<\/b>, cont\u00f3 con\u00a0<b>normas de juego novedosas\u00a0que lo hicieron m\u00e1s din\u00e1mico y atractivo<\/b>\u00a0para los jugadores y espectadores.\u00a0Fue <b>emitido y narrado \u00edntegramente, en riguroso directo, por redes sociales<\/b>\u00a0 gracias a la excepcional labor de la productora audiovisual\u00a0<a href=\"http:\/\/fiveoclockproducciones.com\" target=\"_blank\" rel=\"noopener\">Five o&#8217;clock producciones<\/a>.<\/p>\t\t\t\t\t\t\t\t<\/div>\n\t\t\t\t<\/div>\n\t\t\t\t<div class=\"elementor-element elementor-element-3b2a941 elementor-widget elementor-widget-button\" data-id=\"3b2a941\" data-element_type=\"widget\" data-widget_type=\"button.default\">\n\t\t\t\t<div class=\"elementor-widget-container\">\n\t\t\t\t\t\t\t\t\t<div class=\"elementor-button-wrapper\">\n\t\t\t\t\t<a class=\"elementor-button elementor-button-link elementor-size-sm\" href=\"https:\/\/cfcleaguefive.cfclinares.es\/\">\n\t\t\t\t\t\t<span class=\"elementor-button-content-wrapper\">\n\t\t\t\t\t\t<span class=\"elementor-button-icon\">\n\t\t\t\t<i aria-hidden=\"true\" class=\"far fa-futbol\"><\/i>\t\t\t<\/span>\n\t\t\t\t\t\t\t\t\t<span class=\"elementor-button-text\">+ info<\/span>\n\t\t\t\t\t<\/span>\n\t\t\t\t\t<\/a>\n\t\t\t\t<\/div>\n\t\t\t\t\t\t\t\t<\/div>\n\t\t\t\t<\/div>\n\t\t\t\t\t<\/div>\n\t\t<\/div>\n\t\t\t\t\t<\/div>\n\t\t<\/section>\n\t\t\t\t<\/div>\n\t\t","protected":false},"excerpt":{"rendered":"<p>torneos \u00c9xito en la organizaci\u00f3n de eventos deportivos El Club de F\u00fatbol \u00abCiudad de Linares\u00bb acumula un importante bagaje en el dise\u00f1o, organizaci\u00f3n y gesti\u00f3n de eventos deportivos de relevancia nacional e internacional relacionados con el f\u00fatbol base. Desde encuentros m\u00e1ximamente competivivos en los que participan importantes canteras espa\u00f1olas e internacionales hasta eventos locales o &hellip;<\/p>\n<p class=\"read-more\"> <a class=\"\" href=\"https:\/\/cfclinares.es\/index.php\/torneo-alevin-2\/\"> <span class=\"screen-reader-text\">Torneos<\/span> Leer m\u00e1s &raquo;<\/a><\/p>\n","protected":false},"author":1,"featured_media":0,"parent":0,"menu_order":0,"comment_status":"closed","ping_status":"closed","template":"","meta":{"site-sidebar-layout":"no-sidebar","site-content-layout":"page-builder","ast-site-content-layout":"","site-content-style":"default","site-sidebar-style":"default","ast-global-header-display":"","ast-banner-title-visibility":"","ast-main-header-display":"","ast-hfb-above-header-display":"","ast-hfb-below-header-display":"","ast-hfb-mobile-header-display":"","site-post-title":"disabled","ast-breadcrumbs-content":"","ast-featured-img":"disabled","footer-sml-layout":"","theme-transparent-header-meta":"","adv-header-id-meta":"","stick-header-meta":"","header-above-stick-meta":"","header-main-stick-meta":"","header-below-stick-meta":"","astra-migrate-meta-layouts":"default","ast-page-background-enabled":"default","ast-page-background-meta":{"desktop":{"background-color":"","background-image":"","background-repeat":"repeat","background-position":"center center","background-size":"auto","background-attachment":"scroll","background-type":"","background-media":"","overlay-type":"","overlay-color":"","overlay-gradient":""},"tablet":{"background-color":"","background-image":"","background-repeat":"repeat","background-position":"center center","background-size":"auto","background-attachment":"scroll","background-type":"","background-media":"","overlay-type":"","overlay-color":"","overlay-gradient":""},"mobile":{"background-color":"","background-image":"","background-repeat":"repeat","background-position":"center center","background-size":"auto","background-attachment":"scroll","background-type":"","background-media":"","overlay-type":"","overlay-color":"","overlay-gradient":""}},"ast-content-background-meta":{"desktop":{"background-color":"var(--ast-global-color-5)","background-image":"","background-repeat":"repeat","background-position":"center center","background-size":"auto","background-attachment":"scroll","background-type":"","background-media":"","overlay-type":"","overlay-color":"","overlay-gradient":""},"tablet":{"background-color":"var(--ast-global-color-5)","background-image":"","background-repeat":"repeat","background-position":"center center","background-size":"auto","background-attachment":"scroll","background-type":"","background-media":"","overlay-type":"","overlay-color":"","overlay-gradient":""},"mobile":{"background-color":"var(--ast-global-color-5)","background-image":"","background-repeat":"repeat","background-position":"center center","background-size":"auto","background-attachment":"scroll","background-type":"","background-media":"","overlay-type":"","overlay-color":"","overlay-gradient":""}},"footnotes":""},"class_list":["post-2824","page","type-page","status-publish","hentry"],"_links":{"self":[{"href":"https:\/\/cfclinares.es\/index.php\/wp-json\/wp\/v2\/pages\/2824","targetHints":{"allow":["GET"]}}],"collection":[{"href":"https:\/\/cfclinares.es\/index.php\/wp-json\/wp\/v2\/pages"}],"about":[{"href":"https:\/\/cfclinares.es\/index.php\/wp-json\/wp\/v2\/types\/page"}],"author":[{"embeddable":true,"href":"https:\/\/cfclinares.es\/index.php\/wp-json\/wp\/v2\/users\/1"}],"replies":[{"embeddable":true,"href":"https:\/\/cfclinares.es\/index.php\/wp-json\/wp\/v2\/comments?post=2824"}],"version-history":[{"count":16,"href":"https:\/\/cfclinares.es\/index.php\/wp-json\/wp\/v2\/pages\/2824\/revisions"}],"predecessor-version":[{"id":4292,"href":"https:\/\/cfclinares.es\/index.php\/wp-json\/wp\/v2\/pages\/2824\/revisions\/4292"}],"wp:attachment":[{"href":"https:\/\/cfclinares.es\/index.php\/wp-json\/wp\/v2\/media?parent=2824"}],"curies":[{"name":"wp","href":"https:\/\/api.w.org\/{rel}","templated":true}]}}