{"id":1133,"date":"2023-07-11T16:32:04","date_gmt":"2023-07-11T16:32:04","guid":{"rendered":"https:\/\/cfclinares.es\/?page_id=1133"},"modified":"2025-01-02T11:17:24","modified_gmt":"2025-01-02T11:17:24","slug":"torneo-alevin","status":"publish","type":"page","link":"https:\/\/cfclinares.es\/index.php\/torneo-alevin\/","title":{"rendered":"Torneo Alev\u00edn"},"content":{"rendered":"\t\t<div data-elementor-type=\"wp-page\" data-elementor-id=\"1133\" class=\"elementor elementor-1133\">\n\t\t\t\t\t\t<section class=\"elementor-section elementor-top-section elementor-element elementor-element-hrfphhy elementor-section-content-middle elementor-section-boxed elementor-section-height-default elementor-section-height-default\" data-id=\"hrfphhy\" data-element_type=\"section\" data-settings=\"{&quot;background_background&quot;:&quot;classic&quot;}\">\n\t\t\t\t\t\t\t<div class=\"elementor-background-overlay\"><\/div>\n\t\t\t\t\t\t\t<div class=\"elementor-container elementor-column-gap-no\">\n\t\t\t\t\t<div class=\"elementor-column elementor-col-100 elementor-top-column elementor-element elementor-element-fc33e9d\" data-id=\"fc33e9d\" data-element_type=\"column\">\n\t\t\t<div class=\"elementor-widget-wrap elementor-element-populated\">\n\t\t\t\t\t\t<div class=\"elementor-element elementor-element-e39a65f elementor-widget elementor-widget-heading\" data-id=\"e39a65f\" data-element_type=\"widget\" data-widget_type=\"heading.default\">\n\t\t\t\t<div class=\"elementor-widget-container\">\n\t\t\t\t\t<h5 class=\"elementor-heading-title elementor-size-default\">torneos<\/h5>\t\t\t\t<\/div>\n\t\t\t\t<\/div>\n\t\t\t\t<div class=\"elementor-element elementor-element-66c4eb3 elementor-widget elementor-widget-heading\" data-id=\"66c4eb3\" data-element_type=\"widget\" data-widget_type=\"heading.default\">\n\t\t\t\t<div class=\"elementor-widget-container\">\n\t\t\t\t\t<h1 class=\"elementor-heading-title elementor-size-default\">Torneo Internacional alev\u00edn \"Ciudad de Linares\"<\/h1>\t\t\t\t<\/div>\n\t\t\t\t<\/div>\n\t\t\t\t<div class=\"elementor-element elementor-element-5812487 elementor-widget-divider--view-line elementor-widget elementor-widget-divider\" data-id=\"5812487\" data-element_type=\"widget\" data-widget_type=\"divider.default\">\n\t\t\t\t<div class=\"elementor-widget-container\">\n\t\t\t\t\t\t\t<div class=\"elementor-divider\">\n\t\t\t<span class=\"elementor-divider-separator\">\n\t\t\t\t\t\t<\/span>\n\t\t<\/div>\n\t\t\t\t\t\t<\/div>\n\t\t\t\t<\/div>\n\t\t\t\t<div class=\"elementor-element elementor-element-615e54b elementor-widget elementor-widget-text-editor\" data-id=\"615e54b\" data-element_type=\"widget\" data-widget_type=\"text-editor.default\">\n\t\t\t\t<div class=\"elementor-widget-container\">\n\t\t\t\t\t\t\t\t\t<p>El <strong>Torneo Internacional Alev\u00edn de f\u00fatbol-7 \u00abCiudad de Linares\u00bb<\/strong> <strong>nace en 2022<\/strong> despertando el inter\u00e9s de todo el f\u00fatbol base. <strong>La tercera edici\u00f3n ha cumplido con las expectativas generadas en las ediciones anteriores<\/strong>, ubicando en el mapa futbol\u00edstico a<strong>\u00a0Linares como un lugar de referencia del f\u00fatbol base internacional<\/strong>.\u00a0<\/p>\t\t\t\t\t\t\t\t<\/div>\n\t\t\t\t<\/div>\n\t\t\t\t\t<\/div>\n\t\t<\/div>\n\t\t\t\t\t<\/div>\n\t\t<\/section>\n\t\t\t\t<section class=\"elementor-section elementor-top-section elementor-element elementor-element-lhzazsw elementor-section-content-middle elementor-section-boxed elementor-section-height-default elementor-section-height-default\" data-id=\"lhzazsw\" data-element_type=\"section\" data-settings=\"{&quot;background_background&quot;:&quot;classic&quot;}\">\n\t\t\t\t\t\t\t<div class=\"elementor-background-overlay\"><\/div>\n\t\t\t\t\t\t\t<div class=\"elementor-container elementor-column-gap-no\">\n\t\t\t\t\t<div class=\"elementor-column elementor-col-33 elementor-top-column elementor-element elementor-element-05c2928\" data-id=\"05c2928\" data-element_type=\"column\" data-settings=\"{&quot;background_background&quot;:&quot;classic&quot;}\">\n\t\t\t<div class=\"elementor-widget-wrap elementor-element-populated\">\n\t\t\t\t\t\t<div class=\"elementor-element elementor-element-e5d1844 elementor-widget elementor-widget-heading\" data-id=\"e5d1844\" data-element_type=\"widget\" data-widget_type=\"heading.default\">\n\t\t\t\t<div class=\"elementor-widget-container\">\n\t\t\t\t\t<h5 class=\"elementor-heading-title elementor-size-default\">1\u00aaedici\u00f3n\/dic22<\/h5>\t\t\t\t<\/div>\n\t\t\t\t<\/div>\n\t\t\t\t<div class=\"elementor-element elementor-element-85cbfc5 elementor-widget elementor-widget-image\" data-id=\"85cbfc5\" data-element_type=\"widget\" data-widget_type=\"image.default\">\n\t\t\t\t<div class=\"elementor-widget-container\">\n\t\t\t\t\t\t\t\t\t\t\t\t\t\t\t<img fetchpriority=\"high\" decoding=\"async\" width=\"1810\" height=\"2560\" src=\"https:\/\/cfclinares.es\/wp-content\/uploads\/2023\/07\/CARTEL-TORNEO-INTERNACIONAL-CIUDAD-DE-LINARES-scaled.jpg\" class=\"attachment-full size-full wp-image-1889\" alt=\"\" srcset=\"https:\/\/cfclinares.es\/wp-content\/uploads\/2023\/07\/CARTEL-TORNEO-INTERNACIONAL-CIUDAD-DE-LINARES-scaled.jpg 1810w, https:\/\/cfclinares.es\/wp-content\/uploads\/2023\/07\/CARTEL-TORNEO-INTERNACIONAL-CIUDAD-DE-LINARES-212x300.jpg 212w, https:\/\/cfclinares.es\/wp-content\/uploads\/2023\/07\/CARTEL-TORNEO-INTERNACIONAL-CIUDAD-DE-LINARES-724x1024.jpg 724w, https:\/\/cfclinares.es\/wp-content\/uploads\/2023\/07\/CARTEL-TORNEO-INTERNACIONAL-CIUDAD-DE-LINARES-768x1086.jpg 768w, https:\/\/cfclinares.es\/wp-content\/uploads\/2023\/07\/CARTEL-TORNEO-INTERNACIONAL-CIUDAD-DE-LINARES-1086x1536.jpg 1086w, https:\/\/cfclinares.es\/wp-content\/uploads\/2023\/07\/CARTEL-TORNEO-INTERNACIONAL-CIUDAD-DE-LINARES-1448x2048.jpg 1448w\" sizes=\"(max-width: 1810px) 100vw, 1810px\" \/>\t\t\t\t\t\t\t\t\t\t\t\t\t\t\t<\/div>\n\t\t\t\t<\/div>\n\t\t\t\t<div class=\"elementor-element elementor-element-5d1179b elementor-widget elementor-widget-heading\" data-id=\"5d1179b\" data-element_type=\"widget\" data-widget_type=\"heading.default\">\n\t\t\t\t<div class=\"elementor-widget-container\">\n\t\t\t\t\t<h3 class=\"elementor-heading-title elementor-size-default\">Una primera edici\u00f3n que deja ganas de m\u00e1s...<\/h3>\t\t\t\t<\/div>\n\t\t\t\t<\/div>\n\t\t\t\t<div class=\"elementor-element elementor-element-88781ca elementor-widget elementor-widget-text-editor\" data-id=\"88781ca\" data-element_type=\"widget\" data-widget_type=\"text-editor.default\">\n\t\t\t\t<div class=\"elementor-widget-container\">\n\t\t\t\t\t\t\t\t\t<p>Nadie nos podr\u00eda haber hecho pensar que, tras tantos meses de trabajo,\u00a0 tendr\u00edamos la posibilidad de vivir <strong>una de las mejores experiencias en nuestros a\u00f1os de f\u00fatbol<\/strong>. La <span style=\"text-decoration: underline;\"><em>primera edici\u00f3n del Torneo Internacional Alev\u00edn de F\u00fatbol-7 \u00abCiudad de Linares\u00bb<\/em><\/span> fue un <strong>\u00e9xito rotundo<\/strong> y ubic\u00f3 a <strong>Linares, durante un fin de semana, como centro neur\u00e1lgico del f\u00fatbol base nacional e internacional.<\/strong><\/p>\t\t\t\t\t\t\t\t<\/div>\n\t\t\t\t<\/div>\n\t\t\t\t<div class=\"elementor-element elementor-element-5b404d1 elementor-widget elementor-widget-button\" data-id=\"5b404d1\" data-element_type=\"widget\" data-widget_type=\"button.default\">\n\t\t\t\t<div class=\"elementor-widget-container\">\n\t\t\t\t\t\t\t\t\t<div class=\"elementor-button-wrapper\">\n\t\t\t\t\t<a class=\"elementor-button elementor-button-link elementor-size-sm\" href=\"https:\/\/cfclinares.es\/index.php\/1a-edicion\/\">\n\t\t\t\t\t\t<span class=\"elementor-button-content-wrapper\">\n\t\t\t\t\t\t<span class=\"elementor-button-icon\">\n\t\t\t\t<i aria-hidden=\"true\" class=\"far fa-futbol\"><\/i>\t\t\t<\/span>\n\t\t\t\t\t\t\t\t\t<span class=\"elementor-button-text\">+ info<\/span>\n\t\t\t\t\t<\/span>\n\t\t\t\t\t<\/a>\n\t\t\t\t<\/div>\n\t\t\t\t\t\t\t\t<\/div>\n\t\t\t\t<\/div>\n\t\t\t\t\t<\/div>\n\t\t<\/div>\n\t\t\t\t<div class=\"elementor-column elementor-col-33 elementor-top-column elementor-element elementor-element-31c4cbc\" data-id=\"31c4cbc\" data-element_type=\"column\">\n\t\t\t<div class=\"elementor-widget-wrap elementor-element-populated\">\n\t\t\t\t\t\t<div class=\"elementor-element elementor-element-8fd339c elementor-widget__width-initial elementor-widget elementor-widget-heading\" data-id=\"8fd339c\" data-element_type=\"widget\" data-widget_type=\"heading.default\">\n\t\t\t\t<div class=\"elementor-widget-container\">\n\t\t\t\t\t<h5 class=\"elementor-heading-title elementor-size-default\">2\u00aaedici\u00f3n\/dic23<br><\/h5>\t\t\t\t<\/div>\n\t\t\t\t<\/div>\n\t\t\t\t<div class=\"elementor-element elementor-element-5ca7fe6 elementor-widget elementor-widget-image\" data-id=\"5ca7fe6\" data-element_type=\"widget\" data-widget_type=\"image.default\">\n\t\t\t\t<div class=\"elementor-widget-container\">\n\t\t\t\t\t\t\t\t\t\t\t\t\t\t\t<img decoding=\"async\" width=\"1810\" height=\"2560\" src=\"https:\/\/cfclinares.es\/wp-content\/uploads\/2024\/01\/CARTEL-TORNEO-INTERNACIONAL-CIUDAD-DE-LINARES_23-min-scaled.jpg\" class=\"attachment-full size-full wp-image-3320\" alt=\"\" srcset=\"https:\/\/cfclinares.es\/wp-content\/uploads\/2024\/01\/CARTEL-TORNEO-INTERNACIONAL-CIUDAD-DE-LINARES_23-min-scaled.jpg 1810w, https:\/\/cfclinares.es\/wp-content\/uploads\/2024\/01\/CARTEL-TORNEO-INTERNACIONAL-CIUDAD-DE-LINARES_23-min-212x300.jpg 212w, https:\/\/cfclinares.es\/wp-content\/uploads\/2024\/01\/CARTEL-TORNEO-INTERNACIONAL-CIUDAD-DE-LINARES_23-min-724x1024.jpg 724w, https:\/\/cfclinares.es\/wp-content\/uploads\/2024\/01\/CARTEL-TORNEO-INTERNACIONAL-CIUDAD-DE-LINARES_23-min-768x1086.jpg 768w, https:\/\/cfclinares.es\/wp-content\/uploads\/2024\/01\/CARTEL-TORNEO-INTERNACIONAL-CIUDAD-DE-LINARES_23-min-1086x1536.jpg 1086w, https:\/\/cfclinares.es\/wp-content\/uploads\/2024\/01\/CARTEL-TORNEO-INTERNACIONAL-CIUDAD-DE-LINARES_23-min-1448x2048.jpg 1448w\" sizes=\"(max-width: 1810px) 100vw, 1810px\" \/>\t\t\t\t\t\t\t\t\t\t\t\t\t\t\t<\/div>\n\t\t\t\t<\/div>\n\t\t\t\t<div class=\"elementor-element elementor-element-ea3f810 elementor-widget elementor-widget-heading\" data-id=\"ea3f810\" data-element_type=\"widget\" data-widget_type=\"heading.default\">\n\t\t\t\t<div class=\"elementor-widget-container\">\n\t\t\t\t\t<h3 class=\"elementor-heading-title elementor-size-default\">Expectativas cumplidas.<\/h3>\t\t\t\t<\/div>\n\t\t\t\t<\/div>\n\t\t\t\t<div class=\"elementor-element elementor-element-dd399ed elementor-widget elementor-widget-text-editor\" data-id=\"dd399ed\" data-element_type=\"widget\" data-widget_type=\"text-editor.default\">\n\t\t\t\t<div class=\"elementor-widget-container\">\n\t\t\t\t\t\t\t\t\t<p>Era dif\u00edcil cumplir con las expectativas generadas en la primera edici\u00f3n y, con este objetivo, naci\u00f3 la <i><u>segunda edici\u00f3n de Torneo Internacional \u00abCiudad de Linares\u00bb celebrada los d\u00edas 16 y 17 de diciembre de 2023<\/u><\/i>. <b>A partir de un cartel de lujo y gracias a una organizaci\u00f3n cuidada al detalle<\/b> se volvi\u00f3 a conseguir la <b>celebraci\u00f3n de un torneo de f\u00fatbol base de gran altura, de Linares y para Linares<\/b>.<\/p>\t\t\t\t\t\t\t\t<\/div>\n\t\t\t\t<\/div>\n\t\t\t\t<div class=\"elementor-element elementor-element-3b2a941 elementor-widget elementor-widget-button\" data-id=\"3b2a941\" data-element_type=\"widget\" data-widget_type=\"button.default\">\n\t\t\t\t<div class=\"elementor-widget-container\">\n\t\t\t\t\t\t\t\t\t<div class=\"elementor-button-wrapper\">\n\t\t\t\t\t<a class=\"elementor-button elementor-button-link elementor-size-sm\" href=\"https:\/\/cfclinares.es\/index.php\/2a_edicion\/\">\n\t\t\t\t\t\t<span class=\"elementor-button-content-wrapper\">\n\t\t\t\t\t\t<span class=\"elementor-button-icon\">\n\t\t\t\t<i aria-hidden=\"true\" class=\"far fa-futbol\"><\/i>\t\t\t<\/span>\n\t\t\t\t\t\t\t\t\t<span class=\"elementor-button-text\">+ info<\/span>\n\t\t\t\t\t<\/span>\n\t\t\t\t\t<\/a>\n\t\t\t\t<\/div>\n\t\t\t\t\t\t\t\t<\/div>\n\t\t\t\t<\/div>\n\t\t\t\t\t<\/div>\n\t\t<\/div>\n\t\t\t\t<div class=\"elementor-column elementor-col-33 elementor-top-column elementor-element elementor-element-afc9727\" data-id=\"afc9727\" data-element_type=\"column\">\n\t\t\t<div class=\"elementor-widget-wrap elementor-element-populated\">\n\t\t\t\t\t\t<div class=\"elementor-element elementor-element-a988163 elementor-widget__width-initial elementor-widget elementor-widget-heading\" data-id=\"a988163\" data-element_type=\"widget\" data-widget_type=\"heading.default\">\n\t\t\t\t<div class=\"elementor-widget-container\">\n\t\t\t\t\t<h5 class=\"elementor-heading-title elementor-size-default\">3\u00aaedici\u00f3n\/dic24<br><\/h5>\t\t\t\t<\/div>\n\t\t\t\t<\/div>\n\t\t\t\t<div class=\"elementor-element elementor-element-8fe0e26 elementor-widget elementor-widget-image\" data-id=\"8fe0e26\" data-element_type=\"widget\" data-widget_type=\"image.default\">\n\t\t\t\t<div class=\"elementor-widget-container\">\n\t\t\t\t\t\t\t\t\t\t\t\t\t\t\t<img decoding=\"async\" width=\"1810\" height=\"2560\" src=\"https:\/\/cfclinares.es\/wp-content\/uploads\/2025\/01\/CARTEL-TORNEO-INTERNACIONAL-CIUDAD-DE-LINARES_def-min-scaled.jpg\" class=\"attachment-full size-full wp-image-4254\" alt=\"\" srcset=\"https:\/\/cfclinares.es\/wp-content\/uploads\/2025\/01\/CARTEL-TORNEO-INTERNACIONAL-CIUDAD-DE-LINARES_def-min-scaled.jpg 1810w, https:\/\/cfclinares.es\/wp-content\/uploads\/2025\/01\/CARTEL-TORNEO-INTERNACIONAL-CIUDAD-DE-LINARES_def-min-212x300.jpg 212w, https:\/\/cfclinares.es\/wp-content\/uploads\/2025\/01\/CARTEL-TORNEO-INTERNACIONAL-CIUDAD-DE-LINARES_def-min-724x1024.jpg 724w, https:\/\/cfclinares.es\/wp-content\/uploads\/2025\/01\/CARTEL-TORNEO-INTERNACIONAL-CIUDAD-DE-LINARES_def-min-768x1086.jpg 768w, https:\/\/cfclinares.es\/wp-content\/uploads\/2025\/01\/CARTEL-TORNEO-INTERNACIONAL-CIUDAD-DE-LINARES_def-min-1086x1536.jpg 1086w, https:\/\/cfclinares.es\/wp-content\/uploads\/2025\/01\/CARTEL-TORNEO-INTERNACIONAL-CIUDAD-DE-LINARES_def-min-1448x2048.jpg 1448w\" sizes=\"(max-width: 1810px) 100vw, 1810px\" \/>\t\t\t\t\t\t\t\t\t\t\t\t\t\t\t<\/div>\n\t\t\t\t<\/div>\n\t\t\t\t<div class=\"elementor-element elementor-element-fb4a0ec elementor-widget elementor-widget-heading\" data-id=\"fb4a0ec\" data-element_type=\"widget\" data-widget_type=\"heading.default\">\n\t\t\t\t<div class=\"elementor-widget-container\">\n\t\t\t\t\t<h3 class=\"elementor-heading-title elementor-size-default\">Proyecto consolidado.<\/h3>\t\t\t\t<\/div>\n\t\t\t\t<\/div>\n\t\t\t\t<div class=\"elementor-element elementor-element-ef568b3 elementor-widget elementor-widget-text-editor\" data-id=\"ef568b3\" data-element_type=\"widget\" data-widget_type=\"text-editor.default\">\n\t\t\t\t<div class=\"elementor-widget-container\">\n\t\t\t\t\t\t\t\t\t<p>El <u>Torneo Internacional Alev\u00edn \u00abCiudad de Linares\u00bb<\/u> se convierte, con la celebraci\u00f3n de la tercera edici\u00f3n, en un proyecto consolidado, ocupando un lugar destacado en el universo de las competiciones de f\u00fatbol base nacional e internacional.\u00a0 En esta edici\u00f3n se incluyen <b>importantes modificaciones: pasa de dos a tres d\u00edas la duraci\u00f3n de la competici\u00f3n, el desfile de presentaci\u00f3n cambia de d\u00eda y todos los partidos desde cuartos se juegan sobre el tapete del Municipal de Linarejos.<\/b><\/p>\t\t\t\t\t\t\t\t<\/div>\n\t\t\t\t<\/div>\n\t\t\t\t<div class=\"elementor-element elementor-element-07aab02 elementor-widget elementor-widget-button\" data-id=\"07aab02\" data-element_type=\"widget\" data-widget_type=\"button.default\">\n\t\t\t\t<div class=\"elementor-widget-container\">\n\t\t\t\t\t\t\t\t\t<div class=\"elementor-button-wrapper\">\n\t\t\t\t\t<a class=\"elementor-button elementor-button-link elementor-size-sm\" href=\"https:\/\/cfclinares.es\/index.php\/3a-edicion\/\">\n\t\t\t\t\t\t<span class=\"elementor-button-content-wrapper\">\n\t\t\t\t\t\t<span class=\"elementor-button-icon\">\n\t\t\t\t<i aria-hidden=\"true\" class=\"far fa-futbol\"><\/i>\t\t\t<\/span>\n\t\t\t\t\t\t\t\t\t<span class=\"elementor-button-text\">+ info<\/span>\n\t\t\t\t\t<\/span>\n\t\t\t\t\t<\/a>\n\t\t\t\t<\/div>\n\t\t\t\t\t\t\t\t<\/div>\n\t\t\t\t<\/div>\n\t\t\t\t\t<\/div>\n\t\t<\/div>\n\t\t\t\t\t<\/div>\n\t\t<\/section>\n\t\t\t\t<\/div>\n\t\t","protected":false},"excerpt":{"rendered":"<p>torneos Torneo Internacional alev\u00edn \u00abCiudad de Linares\u00bb El Torneo Internacional Alev\u00edn de f\u00fatbol-7 \u00abCiudad de Linares\u00bb nace en 2022 despertando el inter\u00e9s de todo el f\u00fatbol base. La tercera edici\u00f3n ha cumplido con las expectativas generadas en las ediciones anteriores, ubicando en el mapa futbol\u00edstico a\u00a0Linares como un lugar de referencia del f\u00fatbol base internacional.\u00a0 &hellip;<\/p>\n<p class=\"read-more\"> <a class=\"\" href=\"https:\/\/cfclinares.es\/index.php\/torneo-alevin\/\"> <span class=\"screen-reader-text\">Torneo Alev\u00edn<\/span> Leer m\u00e1s &raquo;<\/a><\/p>\n","protected":false},"author":1,"featured_media":0,"parent":0,"menu_order":0,"comment_status":"closed","ping_status":"closed","template":"","meta":{"site-sidebar-layout":"no-sidebar","site-content-layout":"page-builder","ast-site-content-layout":"","site-content-style":"default","site-sidebar-style":"default","ast-global-header-display":"","ast-banner-title-visibility":"","ast-main-header-display":"","ast-hfb-above-header-display":"","ast-hfb-below-header-display":"","ast-hfb-mobile-header-display":"","site-post-title":"disabled","ast-breadcrumbs-content":"","ast-featured-img":"disabled","footer-sml-layout":"","theme-transparent-header-meta":"","adv-header-id-meta":"","stick-header-meta":"","header-above-stick-meta":"","header-main-stick-meta":"","header-below-stick-meta":"","astra-migrate-meta-layouts":"default","ast-page-background-enabled":"default","ast-page-background-meta":{"desktop":{"background-color":"","background-image":"","background-repeat":"repeat","background-position":"center center","background-size":"auto","background-attachment":"scroll","background-type":"","background-media":"","overlay-type":"","overlay-color":"","overlay-gradient":""},"tablet":{"background-color":"","background-image":"","background-repeat":"repeat","background-position":"center center","background-size":"auto","background-attachment":"scroll","background-type":"","background-media":"","overlay-type":"","overlay-color":"","overlay-gradient":""},"mobile":{"background-color":"","background-image":"","background-repeat":"repeat","background-position":"center center","background-size":"auto","background-attachment":"scroll","background-type":"","background-media":"","overlay-type":"","overlay-color":"","overlay-gradient":""}},"ast-content-background-meta":{"desktop":{"background-color":"var(--ast-global-color-5)","background-image":"","background-repeat":"repeat","background-position":"center center","background-size":"auto","background-attachment":"scroll","background-type":"","background-media":"","overlay-type":"","overlay-color":"","overlay-gradient":""},"tablet":{"background-color":"var(--ast-global-color-5)","background-image":"","background-repeat":"repeat","background-position":"center center","background-size":"auto","background-attachment":"scroll","background-type":"","background-media":"","overlay-type":"","overlay-color":"","overlay-gradient":""},"mobile":{"background-color":"var(--ast-global-color-5)","background-image":"","background-repeat":"repeat","background-position":"center center","background-size":"auto","background-attachment":"scroll","background-type":"","background-media":"","overlay-type":"","overlay-color":"","overlay-gradient":""}},"footnotes":""},"class_list":["post-1133","page","type-page","status-publish","hentry"],"_links":{"self":[{"href":"https:\/\/cfclinares.es\/index.php\/wp-json\/wp\/v2\/pages\/1133","targetHints":{"allow":["GET"]}}],"collection":[{"href":"https:\/\/cfclinares.es\/index.php\/wp-json\/wp\/v2\/pages"}],"about":[{"href":"https:\/\/cfclinares.es\/index.php\/wp-json\/wp\/v2\/types\/page"}],"author":[{"embeddable":true,"href":"https:\/\/cfclinares.es\/index.php\/wp-json\/wp\/v2\/users\/1"}],"replies":[{"embeddable":true,"href":"https:\/\/cfclinares.es\/index.php\/wp-json\/wp\/v2\/comments?post=1133"}],"version-history":[{"count":52,"href":"https:\/\/cfclinares.es\/index.php\/wp-json\/wp\/v2\/pages\/1133\/revisions"}],"predecessor-version":[{"id":4296,"href":"https:\/\/cfclinares.es\/index.php\/wp-json\/wp\/v2\/pages\/1133\/revisions\/4296"}],"wp:attachment":[{"href":"https:\/\/cfclinares.es\/index.php\/wp-json\/wp\/v2\/media?parent=1133"}],"curies":[{"name":"wp","href":"https:\/\/api.w.org\/{rel}","templated":true}]}}